{"id":1887,"date":"2021-12-20T13:36:55","date_gmt":"2021-12-20T16:36:55","guid":{"rendered":"https:\/\/coisinhaverde.com.br\/jogos\/?page_id=1887"},"modified":"2023-01-10T22:12:59","modified_gmt":"2023-01-11T01:12:59","slug":"downloadsgratuitos","status":"publish","type":"page","link":"https:\/\/coisinhaverde.com.br\/jogos\/downloadsgratuitos\/","title":{"rendered":""},"content":{"rendered":"<p align=\"center\"><a class=\"loja\" href=\"https:\/\/coisinhaverde.com.br\/jogos\/loja\/\">LOJA VIRTUAL <i class=\"wp-svg-cart cart\"><\/i><\/a><a class=\"loja\" href=\"https:\/\/apoia.se\/coisinhalab\" target=\"_blank\" rel=\"noopener\">APOIA.SE <i class=\"wp-svg-heart heart\"><\/i><\/a><\/p>\n<p align=\"center\"><strong>Doa\u00e7\u00f5es <i class=\"wp-svg-heart-2 heart-2\"><\/i> PIX: coisinhaverde@gmail.com<\/strong><\/p>\n<hr \/>\n<p><img loading=\"lazy\" class=\"wp-image-1891 size-medium aligncenter\" src=\"https:\/\/coisinhaverde.com.br\/jogos\/wp-content\/uploads\/2021\/12\/hif-logo-schema-300x86.png\" alt=\"\" width=\"300\" height=\"86\" srcset=\"https:\/\/coisinhaverde.com.br\/jogos\/wp-content\/uploads\/2021\/12\/hif-logo-schema-300x86.png 300w, https:\/\/coisinhaverde.com.br\/jogos\/wp-content\/uploads\/2021\/12\/hif-logo-schema-200x57.png 200w, https:\/\/coisinhaverde.com.br\/jogos\/wp-content\/uploads\/2021\/12\/hif-logo-schema-211x60.png 211w, https:\/\/coisinhaverde.com.br\/jogos\/wp-content\/uploads\/2021\/12\/hif-logo-schema.png 600w\" sizes=\"(max-width: 300px) 100vw, 300px\" \/><\/p>\n<ul id=\"navlist2\">\n<li style=\"text-align: center;\"><a href=\"https:\/\/drive.google.com\/drive\/folders\/1foVOZtar4N7RqjM4uEN9Oiq1-_uzshSv?usp=sharing\" target=\"_blank\" rel=\"noopener\"><img class=\"circle\" src=\"https:\/\/i1.wp.com\/coisinhaverde.com.br\/jogos\/wp-content\/uploads\/2019\/01\/aindavivos-1-2.png?w=500&amp;ssl=1\" \/><br \/>\nAinda Vivos | PDF <i class=\"wp-svg-file-pdf file-pdf\"><\/i> | <i class=\"wp-svg-cloud-download cloud-download\"><\/i> <i class=\"wp-svg-google-drive google-drive\"><\/i><\/a><\/li>\n<li style=\"text-align: center;\"><a href=\"https:\/\/www.amigodragao.com.br\/\" target=\"_blank\" rel=\"noopener\"><img class=\"circle\" src=\"https:\/\/i2.wp.com\/coisinhaverde.com.br\/jogos\/wp-content\/uploads\/2019\/09\/amd-1.jpg?w=500&amp;ssl=1\" \/><br \/>\nAmigo Drag\u00e3o | PDF <i class=\"wp-svg-file-pdf file-pdf\"><\/i> | <i class=\"wp-svg-cloud-download cloud-download\"><\/i> <i class=\"wp-svg-google-drive google-drive\"><\/i><\/a><\/li>\n<li style=\"text-align: center;\"><a href=\"https:\/\/drive.google.com\/drive\/folders\/1E_J9_VsGrYjwbStbZd6MMW6W1i-A182S?usp=sharing\" target=\"_blank\" rel=\"noopener\"><img class=\"circle\" src=\"https:\/\/i2.wp.com\/coisinhaverde.com.br\/jogos\/wp-content\/uploads\/2019\/06\/c422.png?w=500&amp;ssl=1\" \/><br \/>\nC4 | PDF <i class=\"wp-svg-file-pdf file-pdf\"><\/i> | <i class=\"wp-svg-cloud-download cloud-download\"><\/i> <i class=\"wp-svg-google-drive google-drive\"><\/i><\/a><\/li>\n<li style=\"text-align: center;\"><a href=\"https:\/\/drive.google.com\/drive\/folders\/1S7wUjSQyQJQOhrl-uSSk1JQ1R1nPYCQ0?usp=sharing\" target=\"_blank\" rel=\"noopener\"><img class=\"circle\" src=\"https:\/\/i0.wp.com\/coisinhaverde.com.br\/jogos\/wp-content\/uploads\/2019\/03\/calistt-2.png?w=500&amp;ssl=1\" \/><br \/>\nCALISTO | PDF <i class=\"wp-svg-file-pdf file-pdf\"><\/i> | <i class=\"wp-svg-cloud-download cloud-download\"><\/i> <i class=\"wp-svg-google-drive google-drive\"><\/i> <\/a><\/li>\n<li style=\"text-align: center;\"><a href=\"https:\/\/drive.google.com\/drive\/folders\/1FuBq_FGIkKDfmDOe3dcJAICQchOVo5d4?usp=sharing\" target=\"_blank\" rel=\"noopener\"><img class=\"circle\" src=\"https:\/\/i2.wp.com\/coisinhaverde.com.br\/jogos\/wp-content\/uploads\/2019\/03\/CM.jpg?w=500&amp;ssl=1\" \/><br \/>\nCubo Mortal | PDF <i class=\"wp-svg-file-pdf file-pdf\"><\/i> | <i class=\"wp-svg-cloud-download cloud-download\"><\/i> <i class=\"wp-svg-google-drive google-drive\"><\/i> <\/a><\/li>\n<li style=\"text-align: center;\"><a href=\"https:\/\/drive.google.com\/drive\/folders\/1DIBoiLaBceBuCIoS8n4OtLELLEYazfie?usp=sharing\" target=\"_blank\" rel=\"noopener\"><img class=\"circle\" src=\"https:\/\/i1.wp.com\/coisinhaverde.com.br\/jogos\/wp-content\/uploads\/2019\/03\/DIARIO.jpg?w=500&amp;ssl=1\" \/><br \/>\nDi\u00e1rio Do Ca\u00e7ador | PDF <i class=\"wp-svg-file-pdf file-pdf\"><\/i> | <i class=\"wp-svg-cloud-download cloud-download\"><\/i> <i class=\"wp-svg-google-drive google-drive\"><\/i><\/a><\/li>\n<li style=\"text-align: center;\"><a href=\"https:\/\/drive.google.com\/drive\/folders\/15G76hxYuSS7fs7zKQJR_y1cUDI-_vdzL?usp=sharing\" target=\"_blank\" rel=\"noopener\"><img class=\"circle\" src=\"https:\/\/i0.wp.com\/coisinhaverde.com.br\/jogos\/wp-content\/uploads\/2019\/03\/dogs_coisinhaverde2.jpg?w=500&amp;ssl=1\" \/><br \/>\nD.O.G.S | PDF <i class=\"wp-svg-file-pdf file-pdf\"><\/i> | <i class=\"wp-svg-cloud-download cloud-download\"><\/i> <i class=\"wp-svg-google-drive google-drive\"><\/i><\/a><\/li>\n<li style=\"text-align: center;\"><a href=\"https:\/\/drive.google.com\/drive\/folders\/1_O8ukbSqBgiRg7qR-a3Vpy7c-Ib_avgH?usp=sharing\" target=\"_blank\" rel=\"noopener\"><img class=\"circle\" src=\"https:\/\/i0.wp.com\/coisinhaverde.com.br\/jogos\/wp-content\/uploads\/2019\/03\/fdt.png?w=500&amp;ssl=1\" \/><br \/>\nFin des Temps | PDF <i class=\"wp-svg-file-pdf file-pdf\"><\/i> | <i class=\"wp-svg-cloud-download cloud-download\"><\/i> <i class=\"wp-svg-google-drive google-drive\"><\/i><\/a><\/li>\n<li style=\"text-align: center;\"><a href=\"https:\/\/drive.google.com\/drive\/folders\/1eopQ-kxhuuT1lCxW-zQAxAB4qvAUSRY4?usp=sharing\" target=\"_blank\" rel=\"noopener\"><img class=\"circle\" src=\"https:\/\/i0.wp.com\/coisinhaverde.com.br\/jogos\/wp-content\/uploads\/2022\/01\/amd-1.png?w=500&amp;ssl=1\" \/><br \/>\nFin des Temps | PDF <i class=\"wp-svg-file-pdf file-pdf\"><\/i> | <i class=\"wp-svg-cloud-download cloud-download\"><\/i> <i class=\"wp-svg-google-drive google-drive\"><\/i><\/a><\/li>\n<li style=\"text-align: center;\"><a href=\"https:\/\/drive.google.com\/drive\/folders\/1cbynIWPl5oDwqHzZmMJjyPJvTzHjru4x?usp=sharing\" target=\"_blank\" rel=\"noopener\"><img class=\"circle\" src=\"https:\/\/i0.wp.com\/coisinhaverde.com.br\/jogos\/wp-content\/uploads\/2019\/07\/hiper.png?w=500&amp;ssl=1\" \/><br \/>\nHipersono | PDF <i class=\"wp-svg-file-pdf file-pdf\"><\/i> | <i class=\"wp-svg-cloud-download cloud-download\"><\/i> <i class=\"wp-svg-google-drive google-drive\"><\/i><\/a><\/li>\n<li style=\"text-align: center;\"><a href=\"https:\/\/drive.google.com\/drive\/folders\/1TGN3_PBQevZHTmXDdZeP8e4jLIW11nMK?usp=sharing\" target=\"_blank\" rel=\"noopener\"><img class=\"circle\" src=\"https:\/\/i2.wp.com\/coisinhaverde.com.br\/jogos\/wp-content\/uploads\/2019\/03\/JDE.jpg?w=500&amp;ssl=1\" \/><br \/>\nJogo Dos Espiritos | PDF <i class=\"wp-svg-file-pdf file-pdf\"><\/i> | <i class=\"wp-svg-cloud-download cloud-download\"><\/i> <i class=\"wp-svg-google-drive google-drive\"><\/i><\/a><\/li>\n<li style=\"text-align: center;\"><a href=\"https:\/\/drive.google.com\/drive\/folders\/1r_gWbxJq8S3NGfpvyMAUxMURcqfEbHMm?usp=sharing\" target=\"_blank\" rel=\"noopener\"><img class=\"circle\" src=\"https:\/\/i0.wp.com\/coisinhaverde.com.br\/jogos\/wp-content\/uploads\/2019\/01\/mg-5-1.png?w=500&amp;ssl=1\" \/><br \/>\nMalditos Goblins | PDF <i class=\"wp-svg-file-pdf file-pdf\"><\/i> | <i class=\"wp-svg-cloud-download cloud-download\"><\/i> <i class=\"wp-svg-google-drive google-drive\"><\/i><\/a><\/li>\n<li style=\"text-align: center;\"><a href=\"https:\/\/drive.google.com\/drive\/folders\/1T4VKwatUS3il5QTgWbV8lfmwskcJyy4w?usp=sharing\" target=\"_blank\" rel=\"noopener\"><img class=\"circle\" src=\"https:\/\/i0.wp.com\/coisinhaverde.com.br\/jogos\/wp-content\/uploads\/2020\/09\/malleus-1.jpg?w=500&amp;ssl=1\" \/><br \/>\nMalleus | PDF <i class=\"wp-svg-file-pdf file-pdf\"><\/i> | <i class=\"wp-svg-cloud-download cloud-download\"><\/i> <i class=\"wp-svg-google-drive google-drive\"><\/i> <\/a><\/li>\n<li style=\"text-align: center;\"><a href=\"https:\/\/drive.google.com\/drive\/folders\/1fEPdFG8mhjwKzytH3ZeqjN4qXfnylsp7?usp=sharing\" target=\"_blank\" rel=\"noopener\"><img class=\"circle\" src=\"https:\/\/i0.wp.com\/coisinhaverde.com.br\/jogos\/wp-content\/uploads\/2021\/01\/MOTORES-1.jpg?w=500&amp;ssl=1\" \/><br \/>\nMotores Em F\u00faria | PDF <i class=\"wp-svg-file-pdf file-pdf\"><\/i> | <i class=\"wp-svg-cloud-download cloud-download\"><\/i> <i class=\"wp-svg-google-drive google-drive\"><\/i><\/a><\/li>\n<li style=\"text-align: center;\"><a href=\"https:\/\/drive.google.com\/drive\/folders\/1OaHT5-r3pQ8hdx7AVwtrIYS24KFN8JEl?usp=sharing\" target=\"_blank\" rel=\"noopener\"><img class=\"circle\" src=\"https:\/\/i0.wp.com\/coisinhaverde.com.br\/jogos\/wp-content\/uploads\/2019\/01\/vivos.jpg?w=500&amp;ssl=1\" \/><br \/>\nNEBULA | PDF <i class=\"wp-svg-file-pdf file-pdf\"><\/i> | <i class=\"wp-svg-cloud-download cloud-download\"><\/i> <i class=\"wp-svg-google-drive google-drive\"><\/i><\/a><\/li>\n<li style=\"text-align: center;\"><a href=\"https:\/\/drive.google.com\/drive\/folders\/13Km0h4sHVabCfEa1TLbaqHtRtORZZQI3?usp=sharing\" target=\"_blank\" rel=\"noopener\"><img class=\"circle\" src=\"https:\/\/i2.wp.com\/coisinhaverde.com.br\/jogos\/wp-content\/uploads\/2019\/09\/NOTE.png?w=500&amp;ssl=1\" \/><br \/>\nNotequest | PDF <i class=\"wp-svg-file-pdf file-pdf\"><\/i> | <i class=\"wp-svg-cloud-download cloud-download\"><\/i> <i class=\"wp-svg-google-drive google-drive\"><\/i><\/a><\/li>\n<li style=\"text-align: center;\"><a href=\"https:\/\/drive.google.com\/drive\/folders\/1GRqZs8GXUs5G2lDnpLSTrIItCr1_c_yt?usp=sharing\" target=\"_blank\" rel=\"noopener\"><img class=\"circle\" src=\"https:\/\/i1.wp.com\/coisinhaverde.com.br\/jogos\/wp-content\/uploads\/2019\/04\/ronin.jpg?w=500&amp;ssl=1\" \/><br \/>\nRonin | PDF <i class=\"wp-svg-file-pdf file-pdf\"><\/i> | <i class=\"wp-svg-cloud-download cloud-download\"><\/i> <i class=\"wp-svg-google-drive google-drive\"><\/i><\/a><\/li>\n<li style=\"text-align: center;\"><a href=\"https:\/\/drive.google.com\/drive\/folders\/1Z-089Lxe561VUqjbW5EDJr4SZaJduBWP?usp=sharing\" target=\"_blank\" rel=\"noopener\"><img class=\"circle\" src=\"https:\/\/i2.wp.com\/coisinhaverde.com.br\/jogos\/wp-content\/uploads\/2019\/03\/TCC.jpg?w=500&amp;ssl=1\" \/><br \/>\nTHE COOL CLUB | PDF <i class=\"wp-svg-file-pdf file-pdf\"><\/i> | <i class=\"wp-svg-cloud-download cloud-download\"><\/i> <i class=\"wp-svg-google-drive google-drive\"><\/i><\/a><\/li>\n<\/ul>\n<p>&nbsp;<\/p>\n<h2>Mini Jogos <i class=\"wp-svg-dice dice\"><\/i><\/h2>\n<hr \/>\n<ul id=\"navlist3\">\n<li style=\"text-align: center;\"><a href=\"https:\/\/drive.google.com\/drive\/folders\/17K3ANcjWMYpNyjwRNvBEEK_ueQ6-TpQW?usp=sharing\" target=\"_blank\" rel=\"noopener\"><img class=\"circle2\" src=\"https:\/\/coisinhaverde.com.br\/jogos\/wp-content\/uploads\/2021\/12\/Hncm6e6.png\" \/><br \/>\nBAIRRO ZUMBI <i class=\"wp-svg-google-drive google-drive\"><\/i><\/a><\/li>\n<li style=\"text-align: center;\"><a href=\"https:\/\/drive.google.com\/drive\/folders\/1_tc_1xhL22QUfig7_01E9O_kdGNQ2g4j?usp=sharing\" target=\"_blank\" rel=\"noopener\"><img class=\"circle2\" src=\"https:\/\/coisinhaverde.com.br\/jogos\/wp-content\/uploads\/2021\/12\/MINI-SAGA.png\" \/><br \/>\nMINI SAGA <i class=\"wp-svg-google-drive google-drive\"><\/i><\/a><\/li>\n<li style=\"text-align: center;\"><a href=\"https:\/\/drive.google.com\/drive\/folders\/1O3FxB2FTKDpykELKWJs1jXH-ydBS-iFw?usp=sharing\" target=\"_blank\" rel=\"noopener\"><img class=\"circle2\" src=\"https:\/\/coisinhaverde.com.br\/jogos\/wp-content\/uploads\/2021\/12\/Hncm6e.png\" \/><br \/>\nESPADA M\u00c1GICA <i class=\"wp-svg-google-drive google-drive\"><\/i><\/a><\/li>\n<li style=\"text-align: center;\"><a href=\"https:\/\/drive.google.com\/drive\/folders\/1PBBdIrNmBVuSSjZSOBvY5Cslev4YZYLy?usp=sharing\" target=\"_blank\" rel=\"noopener\"><img class=\"circle2\" src=\"https:\/\/coisinhaverde.com.br\/jogos\/wp-content\/uploads\/2021\/12\/Hncm6e3.png\" \/><br \/>\nPROJETO HUNTER <i class=\"wp-svg-google-drive google-drive\"><\/i><\/a><\/li>\n<li style=\"text-align: center;\"><a href=\"https:\/\/drive.google.com\/drive\/folders\/1T3rDLCu5Ex_6t47s_H1HatRJ0rwMylh5?usp=sharing\" target=\"_blank\" rel=\"noopener\"><img class=\"circle2\" src=\"https:\/\/coisinhaverde.com.br\/jogos\/wp-content\/uploads\/2021\/12\/Hncm6e4.png\" \/><br \/>\nSINAL PERDIDO <i class=\"wp-svg-google-drive google-drive\"><\/i><\/a><\/li>\n<li style=\"text-align: center;\"><a href=\"https:\/\/drive.google.com\/drive\/folders\/1Nz9jeuoRznHbHbYJ7ZscslicE38m1XHO?usp=sharing\" target=\"_blank\" rel=\"noopener\"><img class=\"circle2\" src=\"https:\/\/coisinhaverde.com.br\/jogos\/wp-content\/uploads\/2021\/12\/Hncm6e5.png\" \/><br \/>\nDELITO <i class=\"wp-svg-google-drive google-drive\"><\/i><\/a><\/li>\n<\/ul>\n","protected":false},"excerpt":{"rendered":"<p>LOJA VIRTUAL APOIA.SE Doa\u00e7\u00f5es PIX: coisinhaverde@gmail.com Ainda Vivos | PDF | Amigo Drag\u00e3o | PDF | C4 | PDF | CALISTO | PDF | Cubo Mortal | PDF | Di\u00e1rio Do Ca\u00e7ador | PDF | D.O.G.S | PDF | Fin des Temps | PDF | Fin des Temps | PDF | Hipersono | PDF | &hellip; <\/p>\n","protected":false},"author":1,"featured_media":0,"parent":0,"menu_order":3,"comment_status":"closed","ping_status":"closed","template":"","meta":[],"_links":{"self":[{"href":"https:\/\/coisinhaverde.com.br\/jogos\/wp-json\/wp\/v2\/pages\/1887"}],"collection":[{"href":"https:\/\/coisinhaverde.com.br\/jogos\/wp-json\/wp\/v2\/pages"}],"about":[{"href":"https:\/\/coisinhaverde.com.br\/jogos\/wp-json\/wp\/v2\/types\/page"}],"author":[{"embeddable":true,"href":"https:\/\/coisinhaverde.com.br\/jogos\/wp-json\/wp\/v2\/users\/1"}],"replies":[{"embeddable":true,"href":"https:\/\/coisinhaverde.com.br\/jogos\/wp-json\/wp\/v2\/comments?post=1887"}],"version-history":[{"count":1,"href":"https:\/\/coisinhaverde.com.br\/jogos\/wp-json\/wp\/v2\/pages\/1887\/revisions"}],"predecessor-version":[{"id":2357,"href":"https:\/\/coisinhaverde.com.br\/jogos\/wp-json\/wp\/v2\/pages\/1887\/revisions\/2357"}],"wp:attachment":[{"href":"https:\/\/coisinhaverde.com.br\/jogos\/wp-json\/wp\/v2\/media?parent=1887"}],"curies":[{"name":"wp","href":"https:\/\/api.w.org\/{rel}","templated":true}]}}