{"id":1531,"date":"2021-06-07T15:09:37","date_gmt":"2021-06-07T18:09:37","guid":{"rendered":"https:\/\/coisinhaverde.com.br\/jogos\/?page_id=1531"},"modified":"2021-06-07T15:09:37","modified_gmt":"2021-06-07T18:09:37","slug":"termos-e-condicoes","status":"publish","type":"page","link":"https:\/\/coisinhaverde.com.br\/jogos\/termos-e-condicoes\/","title":{"rendered":"Termos e Condi\u00e7\u00f5es"},"content":{"rendered":"<p>Seu frete ser\u00e1 calculado durante o processo de finaliza\u00e7\u00e3o da compra, na etapa &#8220;Op\u00e7\u00f5es de Entrega&#8221;. O resultado deste c\u00e1lculo ser\u00e1 somado ao valor da compra, totalizando o valor a ser pago. Voc\u00ea tamb\u00e9m pode calcular o frete antes de fechar seu pedido. Basta ir at\u00e9 o seu Carrinho, clicar em &#8220;Calcular Frete&#8221; e digitar o seu CEP.<\/p>\n<p><b>Entrega<\/b><\/p>\n<p>Garantimos a entrega em todo o territ\u00f3rio brasileiro em que os servi\u00e7os dos Correios atendem. Em caso de atraso na entrega, cancelamentos de pedido, pedimos que entre em contato conosco. Tenha em m\u00e3os o n\u00famero de seu pedido, nome completo e ID da compra.<\/p>\n<p><b>Prazos de Entrega<\/b><\/p>\n<p>Os prazos de entrega variam em dias \u00fateis de acordo com as localidades de origem e destino. A Encomenda PAC possui entrega domiciliar, em dias \u00fateis, de segunda a sexta-feira, em mais de 4.800 cidades. A entrega da encomenda em localidades sem viabilidade operacional ou em \u00e1rea rural ou \u00e1rea de risco ser\u00e1 realizada exclusivamente na ag\u00eancia mais pr\u00f3xima do endere\u00e7o do destinat\u00e1rio.<\/p>\n<p><b>Prazo de postagem nos correios<\/b>: 10 dias \u00fateis.<br \/>\n<b>Prazo de entrega ap\u00f3s postagem<\/b>: PAC: de 7 a 14 dias \u00fateis.<\/p>\n<p>Enviaremos a mercadoria para o endere\u00e7o de entrega preenchido no pedido, caso o cliente tenha preenchido o endere\u00e7o errado e a mercadoria nos seja devolvida pelo Correio, ser\u00e1 necess\u00e1rio o pagamento de uma nova postagem pelo cliente para que possamos reenviar a mercadoria com o endere\u00e7o correto.<\/p>\n<p>N\u00e3o podemos nos responsabilizar por atrasos do CORREIO, pois n\u00e3o temos inger\u00eancia sobre a mercadoria uma vez postada. No caso de extravio comprovado por parte dos CORREIOS, a COISINHA VERDE s\u00f3 enviar\u00e1 outra mercadoria, ou reembolsar\u00e1 a mesma, conforme o que ficar decidido entre ambas as partes via e-mail ou telefone.<\/p>\n<p>A COISINHA VERDE somente efetua troca de mercadoria ou reembolso da mesma caso o produto apresente defeito de fabrica\u00e7\u00e3o, desde que seja nos comunicado por e-mail ou telefone no prazo da garantia. Para troca ou reembolso, \u00e9 indispens\u00e1vel nos devolver o produto em quest\u00e3o para an\u00e1lise JUNTO COM A EMBALAGEM. Para o ressarcimento do mesmo, a postagem de devolu\u00e7\u00e3o ser\u00e1 por conta do cliente, e a COISINHA VERDE ser\u00e1 respons\u00e1vel pela postagem do novo produto.<\/p>\n","protected":false},"excerpt":{"rendered":"<p>Seu frete ser\u00e1 calculado durante o processo de finaliza\u00e7\u00e3o da compra, na etapa &#8220;Op\u00e7\u00f5es de Entrega&#8221;. O resultado deste c\u00e1lculo ser\u00e1 somado ao valor da compra, totalizando o valor a ser pago. Voc\u00ea tamb\u00e9m pode calcular o frete antes de fechar seu pedido. Basta ir at\u00e9 o seu Carrinho, clicar em &#8220;Calcular Frete&#8221; e digitar &hellip; <\/p>\n","protected":false},"author":1,"featured_media":0,"parent":0,"menu_order":6,"comment_status":"closed","ping_status":"closed","template":"","meta":[],"_links":{"self":[{"href":"https:\/\/coisinhaverde.com.br\/jogos\/wp-json\/wp\/v2\/pages\/1531"}],"collection":[{"href":"https:\/\/coisinhaverde.com.br\/jogos\/wp-json\/wp\/v2\/pages"}],"about":[{"href":"https:\/\/coisinhaverde.com.br\/jogos\/wp-json\/wp\/v2\/types\/page"}],"author":[{"embeddable":true,"href":"https:\/\/coisinhaverde.com.br\/jogos\/wp-json\/wp\/v2\/users\/1"}],"replies":[{"embeddable":true,"href":"https:\/\/coisinhaverde.com.br\/jogos\/wp-json\/wp\/v2\/comments?post=1531"}],"version-history":[{"count":0,"href":"https:\/\/coisinhaverde.com.br\/jogos\/wp-json\/wp\/v2\/pages\/1531\/revisions"}],"wp:attachment":[{"href":"https:\/\/coisinhaverde.com.br\/jogos\/wp-json\/wp\/v2\/media?parent=1531"}],"curies":[{"name":"wp","href":"https:\/\/api.w.org\/{rel}","templated":true}]}}